{"id":599,"date":"2018-08-08T16:15:19","date_gmt":"2018-08-08T16:15:19","guid":{"rendered":"http:\/\/imprim24.com\/?post_type=product&#038;p=599"},"modified":"2018-08-08T16:16:58","modified_gmt":"2018-08-08T16:16:58","slug":"t-shirt-herren-nu-de","status":"publish","type":"product","link":"https:\/\/imprim24.com\/?product=t-shirt-herren-nu-de","title":{"rendered":"T-Shirt Herren &#8222;#nu de&#8220;"},"content":{"rendered":"<p>T-Shirt Herren, tailliert geschnitten,\u00a0 100% Baumwolle, beidseitiger Aufdruck &#8222;#nu de&#8220;<\/p>\n<p>185 g\/m\u00b2, 100% einlaufvorbehandelte ringgesponnene\u00a0Baumwolle, Single Jersey<\/p>\n<p>In den Gr\u00f6\u00dfen S, M, L, XL und XXL verf\u00fcgbar.<\/p>\n","protected":false},"excerpt":{"rendered":"<p>Das Shirt bieten wir in 2 Variationen an &#8211; entweder als &#8222;V-Neck&#8220; oder als &#8222;Rundhals&#8220; &#8211; es kann weiter unten ausgew\u00e4hlt werden.<\/p>\n<p><img decoding=\"async\" class=\"alignnone size-medium wp-image-328\" src=\"http:\/\/imprim24.com\/wp-content\/uploads\/2018\/07\/variationen_pic-1-500x301.png\" alt=\"\" width=\"500\" height=\"301\" srcset=\"https:\/\/imprim24.com\/wp-content\/uploads\/2018\/07\/variationen_pic-1-500x301.png 500w, https:\/\/imprim24.com\/wp-content\/uploads\/2018\/07\/variationen_pic-1-700x421.png 700w, https:\/\/imprim24.com\/wp-content\/uploads\/2018\/07\/variationen_pic-1-768x462.png 768w, https:\/\/imprim24.com\/wp-content\/uploads\/2018\/07\/variationen_pic-1-1024x616.png 1024w, https:\/\/imprim24.com\/wp-content\/uploads\/2018\/07\/variationen_pic-1.png 2480w\" sizes=\"(max-width: 500px) 100vw, 500px\" \/><\/p>\n<p>&nbsp;<\/p>\n<p>&nbsp;<\/p>\n","protected":false},"featured_media":545,"template":"","meta":[],"product_brand":[],"product_cat":[56,57],"product_tag":[],"class_list":{"0":"post-599","1":"product","2":"type-product","3":"status-publish","4":"has-post-thumbnail","6":"product_cat-shirts","7":"product_cat-shirts_herren","9":"first","10":"instock","11":"taxable","12":"shipping-taxable","13":"purchasable","14":"product-type-variable"},"_links":{"self":[{"href":"https:\/\/imprim24.com\/index.php?rest_route=\/wp\/v2\/product\/599","targetHints":{"allow":["GET"]}}],"collection":[{"href":"https:\/\/imprim24.com\/index.php?rest_route=\/wp\/v2\/product"}],"about":[{"href":"https:\/\/imprim24.com\/index.php?rest_route=\/wp\/v2\/types\/product"}],"wp:featuredmedia":[{"embeddable":true,"href":"https:\/\/imprim24.com\/index.php?rest_route=\/wp\/v2\/media\/545"}],"wp:attachment":[{"href":"https:\/\/imprim24.com\/index.php?rest_route=%2Fwp%2Fv2%2Fmedia&parent=599"}],"wp:term":[{"taxonomy":"product_brand","embeddable":true,"href":"https:\/\/imprim24.com\/index.php?rest_route=%2Fwp%2Fv2%2Fproduct_brand&post=599"},{"taxonomy":"product_cat","embeddable":true,"href":"https:\/\/imprim24.com\/index.php?rest_route=%2Fwp%2Fv2%2Fproduct_cat&post=599"},{"taxonomy":"product_tag","embeddable":true,"href":"https:\/\/imprim24.com\/index.php?rest_route=%2Fwp%2Fv2%2Fproduct_tag&post=599"}],"curies":[{"name":"wp","href":"https:\/\/api.w.org\/{rel}","templated":true}]}}